{"id":3035,"date":"2022-06-08T13:57:43","date_gmt":"2022-06-08T13:57:43","guid":{"rendered":"https:\/\/samaszbv.com\/machines-agri\/"},"modified":"2022-06-08T14:37:17","modified_gmt":"2022-06-08T14:37:17","slug":"machines-agri","status":"publish","type":"page","link":"https:\/\/samaszbv.com\/fr\/machines-agri\/","title":{"rendered":"Machines agri"},"content":{"rendered":"\n<h1>\n\t\tNos machines\n\t<\/h1>\n\t<p>SaMASZ b.v.b.a. est une jeune entreprise fond\u00e9e en 2019 par Johan Jans et Andr\u00e9 Habets. Notre soci\u00e9t\u00e9 est un importateur officiel des machines SaMASZ. Johan Jans travaille dans l&rsquo;industrie de la m\u00e9canisation agricole depuis 35 ans et garantit ainsi la connaissance du march\u00e9 de la m\u00e9canisation agricole dans l&rsquo;organisation. Entrepreneur aguerri en agro-industrie et utilisateur de machines agricoles, Andr\u00e9 Habets apporte un large savoir-faire \u00e0 son exploitation laiti\u00e8re.<\/p>\n\t<p>Notre organisation est tr\u00e8s efficace et en collaboration avec une vingtaine de concessionnaires actifs nous sommes en mesure de r\u00e9pondre pleinement aux besoins de nos clients. Les caract\u00e9ristiques de notre organisation sont des lignes courtes, une bonne accessibilit\u00e9 et surtout une attitude flexible.<\/p>\n\t<p>Car ces caract\u00e9ristiques correspondent tout \u00e0 fait \u00e0 celles de notre fournisseur SaMASZ Pologne. Nous offrons au march\u00e9 des machines d\u00e9cisives et fiables avec un dispositif de service correspondant.<\/p>\n\t\t\t<a href=\"https:\/\/samaszbv.com\/over-samasz\/\" target=\"_self\" role=\"button\" rel=\"noopener\">\n\t\t\t\t\t\t\tLees meer over SaMASZ\n\t\t\t\t\t<\/a>\n<h2>\n\t\tNos aanbod\n\t<\/h2>\n\t<p>Voir la gamme de machines d&rsquo;infrastructure de SaMASZ ici. Si vous avez une question sur une machine, veuillez nous\u00a0<a href=\"https:\/\/samaszbv.com\/fr\/contact\/\">contacter<\/a>.<\/p>\n\t\t\t\t<img loading=\"lazy\" decoding=\"async\" src=\"https:\/\/samaszbv.com\/wp-content\/uploads\/2021\/07\/Trommelmaaiers_SaMASZ.png\" alt=\"Trommelmaaiers_SaMASZ\" itemprop=\"image\" height=\"330\" width=\"461\" title=\"Trommelmaaiers_SaMASZ\" onerror=\"this.style.display='none'\"  \/>\n<h3>\n\t\tFaucheuses \u00e0 tambours\n\t<\/h3>\n\t<p>Tonte pr\u00e9cise et \u00e9conomique avec les faucheuses \u00e0 tambour SaMASZ<\/p>\n\t\t\t<a href=\"https:\/\/samaszbv.com\/agri_machines\/trommelmaaiers\/\" target=\"_self\" role=\"button\" rel=\"noopener\">\n\t\t\t\t\t\t\tBekijk ons aanbod\n\t\t\t\t\t<\/a>\n\t\t\t\t<img loading=\"lazy\" decoding=\"async\" src=\"https:\/\/samaszbv.com\/wp-content\/uploads\/2021\/07\/Schijvenmaaiers_SaMASZ.png\" alt=\"Schijvenmaaiers_SaMASZ\" itemprop=\"image\" height=\"330\" width=\"461\" title=\"Schijvenmaaiers_SaMASZ\" onerror=\"this.style.display='none'\"  \/>\n<h3>\n\t\tFaucheuses \u00e0 disques\n\t<\/h3>\n\t<p>Tonte pr\u00e9cise et \u00e9conomique avec les faucheuses \u00e0 disques SaMASZ<\/p>\n\t\t\t<a href=\"https:\/\/samaszbv.com\/agri_machines\/schijvenmaaiers\/\" target=\"_self\" role=\"button\" rel=\"noopener\">\n\t\t\t\t\t\t\tBekijk ons aanbod\n\t\t\t\t\t<\/a>\n\t\t\t\t<img loading=\"lazy\" decoding=\"async\" src=\"https:\/\/samaszbv.com\/wp-content\/uploads\/2021\/07\/Schudders_SaMASZ.png\" alt=\"Schudders_SaMASZ\" itemprop=\"image\" height=\"330\" width=\"461\" title=\"Schudders_SaMASZ\" onerror=\"this.style.display='none'\"  \/>\n<h3>\n\t\tFaneuses\n\t<\/h3>\n\t<p>Nauwkeurig en economisch maaien met SaMASZ trommelmaaiers<\/p>\n\t\t\t<a href=\"https:\/\/samaszbv.com\/agri_machines\/schudders\/\" target=\"_self\" role=\"button\" rel=\"noopener\">\n\t\t\t\t\t\t\tBekijk ons aanbod\n\t\t\t\t\t<\/a>\n\t\t\t\t<img loading=\"lazy\" decoding=\"async\" src=\"https:\/\/samaszbv.com\/wp-content\/uploads\/2021\/07\/SaMASZ_voermengwagens.png\" alt=\"SaMASZ_voermengwagens\" itemprop=\"image\" height=\"330\" width=\"461\" title=\"SaMASZ_voermengwagens\" onerror=\"this.style.display='none'\"  \/>\n<h3>\n\t\tMelangeuses\n\t<\/h3>\n\t<p>SaMASZ propose une large gamme de m\u00e9langeurs d&rsquo;aliments pour r\u00e9pondre \u00e0 toutes les exigences<\/p>\n\t\t\t<a href=\"https:\/\/samaszbv.com\/agri_machines\/voermengwagens\/\" target=\"_self\" role=\"button\" rel=\"noopener\">\n\t\t\t\t\t\t\tBekijk ons aanbod\n\t\t\t\t\t<\/a>\n\t\t\t\t<img loading=\"lazy\" decoding=\"async\" src=\"https:\/\/samaszbv.com\/wp-content\/uploads\/2021\/07\/Harken_SaMASZ.png\" alt=\"Harken_SaMASZ\" itemprop=\"image\" height=\"330\" width=\"461\" title=\"Harken_SaMASZ\" onerror=\"this.style.display='none'\"  \/>\n<h3>\n\t\tAndaineurs\n\t<\/h3>\n\t<p>Nettoyage du fourrage grossier et protection du sol avec les r\u00e2teaux SaMASZ conviviaux<\/p>\n\t\t\t<a href=\"https:\/\/samaszbv.com\/agri_machines\/zwadharken\/\" target=\"_self\" role=\"button\" rel=\"noopener\">\n\t\t\t\t\t\t\tBekijk ons aanbod\n\t\t\t\t\t<\/a>\n\t\t\t\t<img loading=\"lazy\" decoding=\"async\" src=\"https:\/\/samaszbv.com\/wp-content\/uploads\/2021\/07\/SaMASZ_logo_groen-vk.png\" alt=\"SaMASZ_logo_groen-vk\" itemprop=\"image\" height=\"330\" width=\"461\" title=\"SaMASZ_logo_groen-vk\" onerror=\"this.style.display='none'\"  \/>\n<h3>\n\t\tPrijsindicatie\n\t<\/h3>\n\t\nCurieux de conna\u00eetre les prix de nos machines ? Demandez une indication de prix pour une machine ici\n\t\t\t<a href=\"https:\/\/samaszbv.com\/agri_machines\/schudders\/\" target=\"_self\" role=\"button\" rel=\"noopener\">\n\t\t\t\t\t\t\tBekijk ons aanbod\n\t\t\t\t\t<\/a>\n\n","protected":false},"excerpt":{"rendered":"<p>Nos machines SaMASZ b.v.b.a. est une jeune entreprise fond\u00e9e en 2019 par Johan Jans et Andr\u00e9 Habets. Notre soci\u00e9t\u00e9 est un importateur officiel des machines SaMASZ. Johan Jans travaille dans l&rsquo;industrie de la m\u00e9canisation agricole depuis 35 ans et garantit ainsi la connaissance du march\u00e9 de la m\u00e9canisation agricole dans l&rsquo;organisation. Entrepreneur aguerri en agro-industrie&hellip;<\/p>\n","protected":false},"author":1,"featured_media":0,"parent":0,"menu_order":0,"comment_status":"closed","ping_status":"closed","template":"","meta":{"_acf_changed":false,"footnotes":""},"class_list":["post-3035","page","type-page","status-publish","hentry"],"acf":[],"_links":{"self":[{"href":"https:\/\/samaszbv.com\/fr\/wp-json\/wp\/v2\/pages\/3035","targetHints":{"allow":["GET"]}}],"collection":[{"href":"https:\/\/samaszbv.com\/fr\/wp-json\/wp\/v2\/pages"}],"about":[{"href":"https:\/\/samaszbv.com\/fr\/wp-json\/wp\/v2\/types\/page"}],"author":[{"embeddable":true,"href":"https:\/\/samaszbv.com\/fr\/wp-json\/wp\/v2\/users\/1"}],"replies":[{"embeddable":true,"href":"https:\/\/samaszbv.com\/fr\/wp-json\/wp\/v2\/comments?post=3035"}],"version-history":[{"count":4,"href":"https:\/\/samaszbv.com\/fr\/wp-json\/wp\/v2\/pages\/3035\/revisions"}],"predecessor-version":[{"id":3043,"href":"https:\/\/samaszbv.com\/fr\/wp-json\/wp\/v2\/pages\/3035\/revisions\/3043"}],"wp:attachment":[{"href":"https:\/\/samaszbv.com\/fr\/wp-json\/wp\/v2\/media?parent=3035"}],"curies":[{"name":"wp","href":"https:\/\/api.w.org\/{rel}","templated":true}]}}